{"id":60,"date":"2025-06-28T12:00:12","date_gmt":"2025-06-28T12:00:12","guid":{"rendered":"https:\/\/www.hirschimpuls.ch\/?page_id=60"},"modified":"2025-07-25T17:21:30","modified_gmt":"2025-07-25T17:21:30","slug":"startimpuls","status":"publish","type":"page","link":"https:\/\/www.hirschimpuls.ch\/?page_id=60","title":{"rendered":"StartImpuls"},"content":{"rendered":"\n<div class=\"wp-block-media-text has-media-on-the-right is-stacked-on-mobile\" style=\"grid-template-columns:auto 21%\"><div class=\"wp-block-media-text__content\">\n<p style=\"line-height:1.2\"><strong>\u201eDer erste Schritt kostet manchmal \u00dcberwindung \u2013 aber nie zu viel Mut. Schreib mir eine Mail und ich rufe Dich gerne f\u00fcr ein erstes unverbindliches Gespr\u00e4ch an.\u201c<\/strong><\/p>\n\n\n\n<p class=\"has-text-align-left\" style=\"line-height:1.2\">Du m\u00f6chtest wissen, ob <a href=\"https:\/\/www.hirschimpuls.ch\/?page_id=53\" data-type=\"page\" data-id=\"53\">Coaching<\/a> bei mir das Richtige f\u00fcr Dich ist?<br>Dann mach den ersten Schritt \u2013 ganz unkompliziert. Schreib mir ein paar Zeilen zu Deinem <a href=\"https:\/\/www.hirschimpuls.ch\/?page_id=53\" data-type=\"page\" data-id=\"53\">Anliegen<\/a>, <br>und ich melde mich pers\u00f6nlich bei Dir f\u00fcr ein <strong>kostenloses telefonisches Kennenlerngespr\u00e4ch<\/strong>.<br>In diesem Gespr\u00e4ch kl\u00e4ren wir, worum es Dir geht, und ob ich Dich auf deinem Weg begleiten kann. <br>Ganz ohne Verpflichtung \u2013 aber mit echter Aufmerksamkeit.<\/p>\n\n\n\n<p><strong>Ich freue mich auf Deine Nachricht per Mail:&nbsp;<a href=\"mailto:thomas@hirschimpuls.ch\">thomas@hirschimpuls.ch<\/a><\/strong><\/p>\n<\/div><figure class=\"wp-block-media-text__media\"><img loading=\"lazy\" decoding=\"async\" width=\"1024\" height=\"1024\" src=\"https:\/\/www.hirschimpuls.ch\/wp-content\/uploads\/2025\/06\/sw_mailto.png\" alt=\"Mail an Thomas\" class=\"wp-image-83 size-full\" srcset=\"https:\/\/www.hirschimpuls.ch\/wp-content\/uploads\/2025\/06\/sw_mailto.png 1024w, https:\/\/www.hirschimpuls.ch\/wp-content\/uploads\/2025\/06\/sw_mailto-300x300.png 300w, https:\/\/www.hirschimpuls.ch\/wp-content\/uploads\/2025\/06\/sw_mailto-150x150.png 150w, https:\/\/www.hirschimpuls.ch\/wp-content\/uploads\/2025\/06\/sw_mailto-768x768.png 768w\" sizes=\"auto, (max-width: 1024px) 100vw, 1024px\" \/><\/figure><\/div>\n\n\n\n<p><strong>&#8230;oder via Formular:<\/strong><\/p>\n\n\n<style id=\"wpforms-css-vars-114-block-7003d9cf-7e94-4430-822f-48a713a8c0fd\">\n\t\t\t\t#wpforms-114.wpforms-block-7003d9cf-7e94-4430-822f-48a713a8c0fd {\n\t\t\t\t--wpforms-field-background-color: var(--ast-global-color-5);\n--wpforms-field-border-color: var(--ast-global-color-6);\n--wpforms-field-border-color-spare: var(--ast-global-color-6);\n--wpforms-field-text-color: var(--ast-global-color-3);\n--wpforms-field-size-input-height: 43px;\n--wpforms-field-size-input-spacing: 15px;\n--wpforms-field-size-font-size: 16px;\n--wpforms-field-size-line-height: 19px;\n--wpforms-field-size-padding-h: 14px;\n--wpforms-field-size-checkbox-size: 16px;\n--wpforms-field-size-sublabel-spacing: 5px;\n--wpforms-field-size-icon-size: 1;\n--wpforms-label-size-font-size: 16px;\n--wpforms-label-size-line-height: 19px;\n--wpforms-label-size-sublabel-font-size: 14px;\n--wpforms-label-size-sublabel-line-height: 17px;\n--wpforms-button-size-font-size: 17px;\n--wpforms-button-size-height: 41px;\n--wpforms-button-size-padding-h: 15px;\n--wpforms-button-size-margin-top: 10px;\n\n\t\t\t}\n\t\t\t<\/style><div class=\"wpforms-container wpforms-container-full wpforms-block wpforms-block-7003d9cf-7e94-4430-822f-48a713a8c0fd wpforms-render-modern\" id=\"wpforms-114\"><form id=\"wpforms-form-114\" class=\"wpforms-validate wpforms-form wpforms-ajax-form\" data-formid=\"114\" method=\"post\" enctype=\"multipart\/form-data\" action=\"\/index.php?rest_route=%2Fwp%2Fv2%2Fpages%2F60\" data-token=\"f815b818bb9cfa377cf2d23547ca41cf\" data-token-time=\"1776598009\"><noscript class=\"wpforms-error-noscript\">Bitte aktiviere JavaScript in deinem Browser, um dieses Formular fertigzustellen.<\/noscript><div id=\"wpforms-error-noscript\" style=\"display: none;\">Bitte aktiviere JavaScript in deinem Browser, um dieses Formular fertigzustellen.<\/div><div class=\"wpforms-field-container\">\t\t<div id=\"wpforms-114-field_4-container\"\n\t\t\tclass=\"wpforms-field wpforms-field-text\"\n\t\t\tdata-field-type=\"text\"\n\t\t\tdata-field-id=\"4\"\n\t\t\t>\n\t\t\t<label class=\"wpforms-field-label\" for=\"wpforms-114-field_4\" >einen m\u00f6chte Thema:<\/label>\n\t\t\t<input type=\"text\" id=\"wpforms-114-field_4\" class=\"wpforms-field-medium\" name=\"wpforms[fields][4]\" >\n\t\t<\/div>\n\t\t<div id=\"wpforms-114-field_1-container\" class=\"wpforms-field wpforms-field-name\" data-field-id=\"1\"><fieldset><legend class=\"wpforms-field-label\">Name <span class=\"wpforms-required-label\" aria-hidden=\"true\">*<\/span><\/legend><div class=\"wpforms-field-row wpforms-field-medium\"><div class=\"wpforms-field-row-block wpforms-first wpforms-one-half\"><input type=\"text\" id=\"wpforms-114-field_1\" class=\"wpforms-field-name-first wpforms-field-required\" name=\"wpforms[fields][1][first]\" aria-errormessage=\"wpforms-114-field_1-error\" required><label for=\"wpforms-114-field_1\" class=\"wpforms-field-sublabel after\">Vorname<\/label><\/div><div class=\"wpforms-field-row-block wpforms-one-half\"><input type=\"text\" id=\"wpforms-114-field_1-last\" class=\"wpforms-field-name-last wpforms-field-required\" name=\"wpforms[fields][1][last]\" aria-errormessage=\"wpforms-114-field_1-last-error\" required><label for=\"wpforms-114-field_1-last\" class=\"wpforms-field-sublabel after\">Nachname<\/label><\/div><\/div><\/fieldset><\/div><div id=\"wpforms-114-field_2-container\" class=\"wpforms-field wpforms-field-email\" data-field-id=\"2\"><label class=\"wpforms-field-label\" for=\"wpforms-114-field_2\">E-Mail-Adresse <span class=\"wpforms-required-label\" aria-hidden=\"true\">*<\/span><\/label><input type=\"email\" id=\"wpforms-114-field_2\" class=\"wpforms-field-medium wpforms-field-required\" name=\"wpforms[fields][2]\" spellcheck=\"false\" aria-errormessage=\"wpforms-114-field_2-error\" required><\/div><div id=\"wpforms-114-field_3-container\" class=\"wpforms-field wpforms-field-textarea\" data-field-id=\"3\"><label class=\"wpforms-field-label\" for=\"wpforms-114-field_3\">Ich m\u00f6chte einen Impuls zum Thema:<\/label><textarea id=\"wpforms-114-field_3\" class=\"wpforms-field-medium\" name=\"wpforms[fields][3]\" aria-errormessage=\"wpforms-114-field_3-error\" aria-describedby=\"wpforms-114-field_3-description\" ><\/textarea><div id=\"wpforms-114-field_3-description\" class=\"wpforms-field-description\">Beschreibe welches Thema Dich besch\u00e4ftigt und wann ich Dich am besten erreichen kann. (Mail oder Telefon)<\/div><\/div><script>\n\t\t\t\t( function() {\n\t\t\t\t\tconst style = document.createElement( 'style' );\n\t\t\t\t\tstyle.appendChild( document.createTextNode( '#wpforms-114-field_4-container { position: absolute !important; overflow: hidden !important; display: inline !important; height: 1px !important; width: 1px !important; z-index: -1000 !important; padding: 0 !important; } #wpforms-114-field_4-container input { visibility: hidden; } #wpforms-conversational-form-page #wpforms-114-field_4-container label { counter-increment: none; }' ) );\n\t\t\t\t\tdocument.head.appendChild( style );\n\t\t\t\t\tdocument.currentScript?.remove();\n\t\t\t\t} )();\n\t\t\t<\/script><\/div><!-- .wpforms-field-container --><div class=\"wpforms-submit-container\" ><input type=\"hidden\" name=\"wpforms[id]\" value=\"114\"><input type=\"hidden\" name=\"page_title\" value=\"\"><input type=\"hidden\" name=\"page_url\" value=\"https:\/\/www.hirschimpuls.ch\/index.php?rest_route=\/wp\/v2\/pages\/60\"><input type=\"hidden\" name=\"url_referer\" value=\"\"><button type=\"submit\" name=\"wpforms[submit]\" id=\"wpforms-submit-114\" class=\"wpforms-submit\" data-alt-text=\"Wird gesendet\u00a0\u2026\" data-submit-text=\"Absenden\" aria-live=\"assertive\" value=\"wpforms-submit\">Absenden<\/button><img loading=\"lazy\" decoding=\"async\" src=\"https:\/\/www.hirschimpuls.ch\/wp-content\/plugins\/wpforms-lite\/assets\/images\/submit-spin.svg\" class=\"wpforms-submit-spinner\" style=\"display: none;\" width=\"26\" height=\"26\" alt=\"Wird geladen\"><\/div><\/form><\/div>  <!-- .wpforms-container -->\n\n\n<p><strong> &#8230;oder mit QR-Code via Smartphone:<\/strong><\/p>\n\n\n\n<div class=\"wp-block-media-text is-stacked-on-mobile is-vertically-aligned-center\" style=\"grid-template-columns:20% auto\"><figure class=\"wp-block-media-text__media\"><img loading=\"lazy\" decoding=\"async\" width=\"332\" height=\"334\" src=\"https:\/\/www.hirschimpuls.ch\/wp-content\/uploads\/2025\/06\/MailTo_4_Logo.png\" alt=\"\" class=\"wp-image-85 size-full\" srcset=\"https:\/\/www.hirschimpuls.ch\/wp-content\/uploads\/2025\/06\/MailTo_4_Logo.png 332w, https:\/\/www.hirschimpuls.ch\/wp-content\/uploads\/2025\/06\/MailTo_4_Logo-298x300.png 298w, https:\/\/www.hirschimpuls.ch\/wp-content\/uploads\/2025\/06\/MailTo_4_Logo-150x150.png 150w\" sizes=\"auto, (max-width: 332px) 100vw, 332px\" \/><\/figure><div class=\"wp-block-media-text__content\">\n<p style=\"line-height:1.2\">Scanne den QR-Code, so erh\u00e4ltst Du automatisch eine E-Mail-Vorlage f\u00fcr den Erstkontakt.<br>Du kannst sie direkt anpassen und absenden \u2013 schnell, einfach und unkompliziert.<\/p>\n<\/div><\/div>\n\n\n\n<p><\/p>\n","protected":false},"excerpt":{"rendered":"<p>\u201eDer erste Schritt kostet manchmal \u00dcberwindung \u2013 aber nie zu viel Mut. Schreib mir eine Mail und ich rufe Dich [&hellip;]<\/p>\n","protected":false},"author":1,"featured_media":0,"parent":0,"menu_order":0,"comment_status":"closed","ping_status":"closed","template":"","meta":{"site-sidebar-layout":"default","site-content-layout":"","ast-site-content-layout":"default","site-content-style":"default","site-sidebar-style":"default","ast-global-header-display":"","ast-banner-title-visibility":"","ast-main-header-display":"","ast-hfb-above-header-display":"","ast-hfb-below-header-display":"","ast-hfb-mobile-header-display":"","site-post-title":"","ast-breadcrumbs-content":"","ast-featured-img":"","footer-sml-layout":"","theme-transparent-header-meta":"","adv-header-id-meta":"","stick-header-meta":"","header-above-stick-meta":"","header-main-stick-meta":"","header-below-stick-meta":"","astra-migrate-meta-layouts":"default","ast-page-background-enabled":"default","ast-page-background-meta":{"desktop":{"background-color":"var(--ast-global-color-5)","background-image":"","background-repeat":"repeat","background-position":"center center","background-size":"auto","background-attachment":"scroll","background-type":"","background-media":"","overlay-type":"","overlay-color":"","overlay-opacity":"","overlay-gradient":""},"tablet":{"background-color":"","background-image":"","background-repeat":"repeat","background-position":"center center","background-size":"auto","background-attachment":"scroll","background-type":"","background-media":"","overlay-type":"","overlay-color":"","overlay-opacity":"","overlay-gradient":""},"mobile":{"background-color":"","background-image":"","background-repeat":"repeat","background-position":"center center","background-size":"auto","background-attachment":"scroll","background-type":"","background-media":"","overlay-type":"","overlay-color":"","overlay-opacity":"","overlay-gradient":""}},"ast-content-background-meta":{"desktop":{"background-color":"var(--ast-global-color-4)","background-image":"","background-repeat":"repeat","background-position":"center center","background-size":"auto","background-attachment":"scroll","background-type":"","background-media":"","overlay-type":"","overlay-color":"","overlay-opacity":"","overlay-gradient":""},"tablet":{"background-color":"var(--ast-global-color-4)","background-image":"","background-repeat":"repeat","background-position":"center center","background-size":"auto","background-attachment":"scroll","background-type":"","background-media":"","overlay-type":"","overlay-color":"","overlay-opacity":"","overlay-gradient":""},"mobile":{"background-color":"var(--ast-global-color-4)","background-image":"","background-repeat":"repeat","background-position":"center center","background-size":"auto","background-attachment":"scroll","background-type":"","background-media":"","overlay-type":"","overlay-color":"","overlay-opacity":"","overlay-gradient":""}},"footnotes":""},"class_list":["post-60","page","type-page","status-publish","hentry"],"_links":{"self":[{"href":"https:\/\/www.hirschimpuls.ch\/index.php?rest_route=\/wp\/v2\/pages\/60","targetHints":{"allow":["GET"]}}],"collection":[{"href":"https:\/\/www.hirschimpuls.ch\/index.php?rest_route=\/wp\/v2\/pages"}],"about":[{"href":"https:\/\/www.hirschimpuls.ch\/index.php?rest_route=\/wp\/v2\/types\/page"}],"author":[{"embeddable":true,"href":"https:\/\/www.hirschimpuls.ch\/index.php?rest_route=\/wp\/v2\/users\/1"}],"replies":[{"embeddable":true,"href":"https:\/\/www.hirschimpuls.ch\/index.php?rest_route=%2Fwp%2Fv2%2Fcomments&post=60"}],"version-history":[{"count":8,"href":"https:\/\/www.hirschimpuls.ch\/index.php?rest_route=\/wp\/v2\/pages\/60\/revisions"}],"predecessor-version":[{"id":121,"href":"https:\/\/www.hirschimpuls.ch\/index.php?rest_route=\/wp\/v2\/pages\/60\/revisions\/121"}],"wp:attachment":[{"href":"https:\/\/www.hirschimpuls.ch\/index.php?rest_route=%2Fwp%2Fv2%2Fmedia&parent=60"}],"curies":[{"name":"wp","href":"https:\/\/api.w.org\/{rel}","templated":true}]}}