{"id":59,"date":"2025-06-28T12:00:12","date_gmt":"2025-06-28T12:00:12","guid":{"rendered":"https:\/\/www.hirschimpuls.ch\/?page_id=59"},"modified":"2025-07-30T15:33:02","modified_gmt":"2025-07-30T15:33:02","slug":"meine-spuren","status":"publish","type":"page","link":"https:\/\/www.hirschimpuls.ch\/?page_id=59","title":{"rendered":"Meine Spuren"},"content":{"rendered":"\n<p><\/p>\n\n\n\n<p class=\"has-ast-global-color-3-color has-text-color has-link-color wp-elements-b549f64028db38cf4550b26b25c8f39c\" style=\"line-height:1.2\"><strong>Worte, die bleiben<\/strong><br>In meinem Leben und Wirken durfte ich viele Menschen begleiten \u2013 und selbst von ihnen lernen. Hier teilen einige von ihnen, was unsere Begegnung bei ihnen bewegt hat. Ihre Worte sind f\u00fcr mich ein grosses Geschenk \u2013 und vielleicht ein erster Impuls f\u00fcr dich.<\/p>\n\n\n\n<blockquote class=\"wp-block-quote has-ast-global-color-3-color has-text-color has-link-color wp-elements-5908923b50554ff38ff08dfd4806f5e1 is-layout-flow wp-block-quote-is-layout-flow\" style=\"line-height:1.3\">\n<p class=\"has-ast-global-color-3-color has-text-color has-link-color wp-elements-587c2a4ea2b20e0108957ad909facf04\" style=\"line-height:1.2\">Lorenz H.<br>\u00abThomas war f\u00fcr mich weit mehr als nur ein Vorgesetzter \u2013 er ist ein Freund, der mir in schwierigen Momenten zur Seite stand, und ein Mentor, der mich mit seiner Erfahrung und Menschlichkeit gepr\u00e4gt hat. Ihn kennenglernt zu haben hat mein Leben bereichert und mir gezeigt, was echte F\u00fchrung und Freundschaft bedeuten.\u00bb<\/p>\n\n\n\n<p style=\"line-height:1.2\">Cristina H.<br>\u00abThomas hatte immer ein offenes Ohr, die richtigen Worte und den besten Humor \u2013 genau das, was man manchmal einfach braucht. F\u00fcr mich war er wie ein stiller Mentor, von dem ich viel lernen durfte \u2013 ganz nebenbei, mit Leichtigkeit und Herz.\u00bb <\/p>\n\n\n\n<p style=\"line-height:1.2\">Poi K.<br>\u00abIch habe durch Thomas gelernt, dass ich gut bin, wie ich bin und dass ich mir vertrauen kann. Er ist ein fantastischer Zuh\u00f6rer und stellt mit grosser Empathie die richtigen und pr\u00e4gnanten Fragen. Ich habe viel von ihm gelernt und was mir am Wichtigsten ist: Der Humor von Thomas ist ph\u00e4nomenal!\u00bb<\/p>\n\n\n\n<p style=\"line-height:1.2\">Reto B.<br>\u00abThomas war in meiner Anfangszeit als F\u00fchrungskraft ein herausragender Mentor und Coach \u2013 genau die Kombination, die ich in dieser pr\u00e4genden Phase gebraucht habe. Heute sch\u00e4tze ich ihn als klaren Sparringspartner und ehrlichen Challenger, der mich immer wieder zu neuer Reflexion und Weiterentwicklung anregt.\u00bb<\/p>\n\n\n\n<p style=\"line-height:1.2\">Janick D.<br>\u00abWenn man vor einer Kreuzung im Leben steht, ist Thomas der Begleiter, der nicht sagt, welchen Weg man nehmen soll \u2013 sondern einem hilft, den eigenen Weg zu erkennen. Mit offenem Ohr, Herz und Verstand. Coaching auf Augenh\u00f6he. Danke f\u00fcr Deine Unterst\u00fctzung, Thomas!.\u00bb<\/p>\n\n\n\n<p style=\"line-height:1.2\">Patricia P.<br>Warum Tom?<br>Tom hat mich nicht nur mit den richtigen Fragen begleitet, sondern mir Raum gegeben, in dem Ver\u00e4nderungen m\u00f6glich werden. Mit seinem Tiefgang, seiner Wertsch\u00e4tzung und dem Gef\u00fchl, auf Augenh\u00f6he gesehen zu werden, hat er mich meinem Ziel entscheidend n\u00e4hergebracht. Und das alles mit einer Prise Humor, die Leichtigkeit schenkte. <strong>Darum Tom!<\/strong><\/p>\n\n\n\n<p style=\"line-height:1.2\">Daniel G.<br>\u00abF\u00fcr mich ist Thomas weit mehr als ein Kollege \u2013 er ist ein Freund und ein Mentor. Er hat immer die Weiterentwicklung im Blick, nicht nur die der Projekte, sondern vor allem die der Menschen um ihn herum. Mit seinem klaren Blick reflektiert er, spricht Dinge offen an und legt den Finger genau dorthin, wo es manchmal schmerzt \u2013 und genau deshalb so wichtig ist. Dabei verliert er nie seinen Humor und diesen besonderen Schalk, der jede Zusammenarbeit mit ihm leichter macht. Wer mit Thomas arbeitet, vergisst ihn nicht \u2013 weil er einen Unterschied macht.\u00bb<\/p>\n\n\n\n<p style=\"line-height:1.2\">Markus S.<br>\u00abLieber Thomas, ich bin unendlich dankbar, dass sich unsere Wege vor Jahren gekreuzt haben und ich mit dir einen Teil meines Lebens gemeinsam gehen konnte. Mit deiner Energie, Hartn\u00e4ckigkeit gepaart mit Respekt, Witz und Esprit hast du unser Team sehr professionell unterst\u00fctzt. Deine F\u00e4higkeiten zu f\u00f6rdern und fordern, zuh\u00f6ren und gestalten ist mehr als ein Coaching. Als Vorgesetzter und Mensch konnte ich enorm von deinen vielf\u00e4ltigen F\u00e4higkeiten profitieren, danke!.\u00bb<\/p>\n\n\n\n<p class=\"has-link-color wp-elements-05ac002aa55b55871f9bc9082b635e3c\" style=\"line-height:1.2\"><strong>Ursula Rolli<\/strong> <strong>Gesch\u00e4ftsf\u00fchrung &amp; Lehrgangsleitung Coaching-Ausbildung<\/strong>. <a href=\"http:\/\/www.dein-seminar.ch\">Dein Seminar<\/a><br>\u00ab<em>Mit Deiner respektvollen, \u00fcberlegten, ruhigen, wohlwollenden und reflektierten Art habe ich Dich als Bereicherung f\u00fcr die gesamte Klasse empfunden. Ich konnte beobachten, wie Du Deine Kolleg*innen in schwierigen Situationen mental unterst\u00fctzt hast im Lehrgang. Coaching liegt Dir, Du verf\u00fcgst \u00fcber s\u00e4mtliche notwendigen Skills und kannst diese mit viel Menschlichkeit und Tiefgang nutzen. Und Dein gezielt dosierter Humor ist Spitze und hat uns mehrmals auch in schwierigen Themen eine sch\u00f6ne Leichtigkeit geschenkt.<\/em>\u00bb<\/p>\n\n\n\n<p style=\"line-height:1.2\"><\/p>\n<\/blockquote>\n\n\n\n<p><\/p>\n","protected":false},"excerpt":{"rendered":"<p>Worte, die bleibenIn meinem Leben und Wirken durfte ich viele Menschen begleiten \u2013 und selbst von ihnen lernen. Hier teilen [&hellip;]<\/p>\n","protected":false},"author":1,"featured_media":0,"parent":0,"menu_order":0,"comment_status":"closed","ping_status":"closed","template":"","meta":{"site-sidebar-layout":"default","site-content-layout":"","ast-site-content-layout":"default","site-content-style":"default","site-sidebar-style":"default","ast-global-header-display":"","ast-banner-title-visibility":"","ast-main-header-display":"","ast-hfb-above-header-display":"","ast-hfb-below-header-display":"","ast-hfb-mobile-header-display":"","site-post-title":"disabled","ast-breadcrumbs-content":"","ast-featured-img":"","footer-sml-layout":"","theme-transparent-header-meta":"","adv-header-id-meta":"","stick-header-meta":"","header-above-stick-meta":"","header-main-stick-meta":"","header-below-stick-meta":"","astra-migrate-meta-layouts":"default","ast-page-background-enabled":"default","ast-page-background-meta":{"desktop":{"background-color":"var(--ast-global-color-5)","background-image":"","background-repeat":"repeat","background-position":"center center","background-size":"auto","background-attachment":"scroll","background-type":"","background-media":"","overlay-type":"","overlay-color":"","overlay-opacity":"","overlay-gradient":""},"tablet":{"background-color":"","background-image":"","background-repeat":"repeat","background-position":"center center","background-size":"auto","background-attachment":"scroll","background-type":"","background-media":"","overlay-type":"","overlay-color":"","overlay-opacity":"","overlay-gradient":""},"mobile":{"background-color":"","background-image":"","background-repeat":"repeat","background-position":"center center","background-size":"auto","background-attachment":"scroll","background-type":"","background-media":"","overlay-type":"","overlay-color":"","overlay-opacity":"","overlay-gradient":""}},"ast-content-background-meta":{"desktop":{"background-color":"var(--ast-global-color-4)","background-image":"","background-repeat":"repeat","background-position":"center center","background-size":"auto","background-attachment":"scroll","background-type":"","background-media":"","overlay-type":"","overlay-color":"","overlay-opacity":"","overlay-gradient":""},"tablet":{"background-color":"var(--ast-global-color-4)","background-image":"","background-repeat":"repeat","background-position":"center center","background-size":"auto","background-attachment":"scroll","background-type":"","background-media":"","overlay-type":"","overlay-color":"","overlay-opacity":"","overlay-gradient":""},"mobile":{"background-color":"var(--ast-global-color-4)","background-image":"","background-repeat":"repeat","background-position":"center center","background-size":"auto","background-attachment":"scroll","background-type":"","background-media":"","overlay-type":"","overlay-color":"","overlay-opacity":"","overlay-gradient":""}},"footnotes":""},"class_list":["post-59","page","type-page","status-publish","hentry"],"_links":{"self":[{"href":"https:\/\/www.hirschimpuls.ch\/index.php?rest_route=\/wp\/v2\/pages\/59","targetHints":{"allow":["GET"]}}],"collection":[{"href":"https:\/\/www.hirschimpuls.ch\/index.php?rest_route=\/wp\/v2\/pages"}],"about":[{"href":"https:\/\/www.hirschimpuls.ch\/index.php?rest_route=\/wp\/v2\/types\/page"}],"author":[{"embeddable":true,"href":"https:\/\/www.hirschimpuls.ch\/index.php?rest_route=\/wp\/v2\/users\/1"}],"replies":[{"embeddable":true,"href":"https:\/\/www.hirschimpuls.ch\/index.php?rest_route=%2Fwp%2Fv2%2Fcomments&post=59"}],"version-history":[{"count":12,"href":"https:\/\/www.hirschimpuls.ch\/index.php?rest_route=\/wp\/v2\/pages\/59\/revisions"}],"predecessor-version":[{"id":127,"href":"https:\/\/www.hirschimpuls.ch\/index.php?rest_route=\/wp\/v2\/pages\/59\/revisions\/127"}],"wp:attachment":[{"href":"https:\/\/www.hirschimpuls.ch\/index.php?rest_route=%2Fwp%2Fv2%2Fmedia&parent=59"}],"curies":[{"name":"wp","href":"https:\/\/api.w.org\/{rel}","templated":true}]}}