{"id":57,"date":"2025-06-28T12:00:12","date_gmt":"2025-06-28T12:00:12","guid":{"rendered":"https:\/\/www.hirschimpuls.ch\/?page_id=57"},"modified":"2025-06-30T17:28:26","modified_gmt":"2025-06-30T17:28:26","slug":"ueber-mich","status":"publish","type":"page","link":"https:\/\/www.hirschimpuls.ch\/?page_id=57","title":{"rendered":"\u00dcber mich"},"content":{"rendered":"\n<h2 class=\"wp-block-heading has-ast-global-color-3-color has-text-color has-link-color wp-elements-eaf06b7ff0173a004793e5ad72a2f63d\"><strong>Warum ich?<\/strong><\/h2>\n\n\n\n<p class=\"has-ast-global-color-3-color has-text-color has-link-color wp-elements-f853d279a6801cbd053855cdee8d5955\"><strong>Du suchst einen Coach, der Dich wirklich versteht? Dann lass mich Dir zeigen, was mit echter Verbindung und Klarheit m\u00f6glich ist.<\/strong><\/p>\n\n\n\n<p class=\"has-ast-global-color-3-color has-text-color has-link-color wp-elements-673ec9af0950095c7d36bdad760685e0\" style=\"line-height:1.2\">Ich begleite Menschen dabei, ihr volles&nbsp;<strong>Potenzial<\/strong>&nbsp;zu entfalten \u2013 sei es im Beruf, im pers\u00f6nlichen Leben oder auf mentaler Ebene. Mit Empathie, Erfahrung und einem feinen Gesp\u00fcr f\u00fcr das Wesentliche helfe ich Dir, Deine&nbsp;<strong>eigenen Antworten<\/strong>&nbsp;zu finden und echte Entwicklung zu erleben.<\/p>\n\n\n\n<p class=\"has-ast-global-color-3-color has-text-color has-link-color wp-elements-7d3ba514964cd59e12b2625d5c05e14f\" style=\"line-height:1.2\">Ich h\u00f6re genau hin, stelle die richtigen Fragen und biete Impulse, die nachhaltig wirken. Es geht nicht darum, schnelle L\u00f6sungen zu liefern, sondern darum, gemeinsam einen&nbsp;<strong>Weg<\/strong>&nbsp;zu gestalten, der<strong>&nbsp;zu Dir passt<\/strong>&nbsp;\u2013 ehrlich, kraftvoll und auf Augenh\u00f6he.<\/p>\n\n\n\n<p class=\"has-ast-global-color-3-color has-text-color has-link-color wp-elements-6d155d06b984c1b5bca584525d9ddb37\" style=\"line-height:1.2\">Als Coach verstehe ich mich&nbsp;<strong>nicht<\/strong>&nbsp;als jemand, der vorgibt, was richtig ist \u2013 sondern als Partner, der Dich st\u00e4rkt, neue Perspektiven aufzeigt und Dich dazu bef\u00e4higt, Dein Leben selbstbestimmt zu gestalten.<\/p>\n\n\n\n<p class=\"has-ast-global-color-3-color has-text-color has-link-color wp-elements-2eae9cd4d2ae3bab873d60aac9ab3d62\" style=\"line-height:1.2\">\u201eIch nehme Menschen ernst \u2013 aber nicht immer das Leben. Wer mit mir arbeitet, darf lachen, zweifeln, wachsen. In genau dieser Mischung entsteht etwas Echtes.\u201c<\/p>\n\n\n\n<figure class=\"wp-block-image aligncenter size-large is-resized\"><img loading=\"lazy\" decoding=\"async\" width=\"842\" height=\"1024\" src=\"https:\/\/www.hirschimpuls.ch\/wp-content\/uploads\/2025\/06\/Thomas-842x1024.jpg\" alt=\"\" class=\"wp-image-68\" style=\"width:242px;height:auto\" srcset=\"https:\/\/www.hirschimpuls.ch\/wp-content\/uploads\/2025\/06\/Thomas-842x1024.jpg 842w, https:\/\/www.hirschimpuls.ch\/wp-content\/uploads\/2025\/06\/Thomas-247x300.jpg 247w, https:\/\/www.hirschimpuls.ch\/wp-content\/uploads\/2025\/06\/Thomas-768x935.jpg 768w, https:\/\/www.hirschimpuls.ch\/wp-content\/uploads\/2025\/06\/Thomas-1262x1536.jpg 1262w, https:\/\/www.hirschimpuls.ch\/wp-content\/uploads\/2025\/06\/Thomas-1683x2048.jpg 1683w\" sizes=\"auto, (max-width: 842px) 100vw, 842px\" \/><\/figure>\n\n\n\n<p class=\"has-ast-global-color-3-color has-text-color has-link-color wp-elements-73d96c53bfca42fdf6454ef00172b6a6\"><strong>Ich bin Thomas Hirschi \u2013 und ich sehe Entwicklung als etwas Lebendiges.<\/strong><\/p>\n\n\n\n<p class=\"has-ast-global-color-3-color has-text-color has-link-color wp-elements-48ec78bde2a33502b7d1817302d4bb22\" style=\"line-height:1.2\">Ich habe Teams gef\u00fchrt, komplexe Projekte geleitet, Transformationen mitgestaltet, Organisationsentwicklungen vorangetrieben, F\u00fchrungskr\u00e4fte und Nachwuchstalente begleitet. Als&nbsp;<strong>Diplomcoach LOG<\/strong>&nbsp;mit vertiefter Expertise in l\u00f6sungsorientierter Gespr\u00e4chsf\u00fchrung kombiniere ich fundierte Coaching-Kompetenz mit praktischer F\u00fchrungserfahrung. In meiner Masterarbeit habe ich mich intensiv mit Burnout-Pr\u00e4vention besch\u00e4ftigt \u2013 ein Thema, das ich auch aktiv in Re-Onboarding-Prozesse eingebracht habe.<\/p>\n\n\n\n<p class=\"has-ast-global-color-3-color has-text-color has-link-color wp-elements-7e5bdb9cd1c79db07d71269a78806387\" style=\"line-height:1.2\">Mit einer technischen Ausbildung als Fundament und jahrzehntelanger Erfahrung in verantwortungsvollen Rollen \u2013 von Montagen auf Telekomunikationsantennen \u00fcber Netzwerk-Management bis hin zur Personalf\u00fchrung mit allen Facetten \u2013 bringe ich ein breites Spektrum an Wissen und Erlebtem mit.<\/p>\n\n\n\n<p class=\"has-ast-global-color-3-color has-text-color has-link-color wp-elements-4af1d6b27231ef131d814b116239b450\" style=\"line-height:1.2\">Ob im Sport als Spielertrainer, als Careteam-Leiter bei Notf\u00e4llen, Notfallstabs-Mitglied oder als Zauberer und Schauspieler mit Sinn f\u00fcr Begeisterung \u2013 meine Leidenschaft gilt dem Menschen: seinem Wachstum, seiner Resilienz und seinem Potenzial. Mensch im Zentrum ist nicht nur eine Floskel.<\/p>\n\n\n\n<figure class=\"wp-block-image aligncenter size-large is-resized\"><img decoding=\"async\" src=\"https:\/\/www.hirschimpuls.ch\/wp-content\/uploads\/2025\/06\/thi_2.png\" alt=\"\" style=\"width:1028px;height:auto\"\/><\/figure>\n\n\n\n<p class=\"has-text-align-center has-ast-global-color-3-color has-text-color has-link-color wp-elements-cad74eb1e5cd281056c89453dd8dd0a3\" style=\"line-height:1.2\">Coaching wird zu einem inneren Panorama:&nbsp;<strong>ein Raum, in dem Menschen ihre eigene Weite entdecken, Klarheit gewinnen und lernen, auf den H\u00f6hen und in den T\u00e4lern ihres Lebens sicher zu navigieren.<\/strong><\/p>\n\n\n\n<p><\/p>\n","protected":false},"excerpt":{"rendered":"<p>Warum ich? Du suchst einen Coach, der Dich wirklich versteht? Dann lass mich Dir zeigen, was mit echter Verbindung und [&hellip;]<\/p>\n","protected":false},"author":1,"featured_media":0,"parent":0,"menu_order":0,"comment_status":"closed","ping_status":"closed","template":"","meta":{"site-sidebar-layout":"default","site-content-layout":"","ast-site-content-layout":"default","site-content-style":"default","site-sidebar-style":"default","ast-global-header-display":"","ast-banner-title-visibility":"","ast-main-header-display":"","ast-hfb-above-header-display":"","ast-hfb-below-header-display":"","ast-hfb-mobile-header-display":"","site-post-title":"disabled","ast-breadcrumbs-content":"","ast-featured-img":"","footer-sml-layout":"","theme-transparent-header-meta":"","adv-header-id-meta":"","stick-header-meta":"","header-above-stick-meta":"","header-main-stick-meta":"","header-below-stick-meta":"","astra-migrate-meta-layouts":"default","ast-page-background-enabled":"default","ast-page-background-meta":{"desktop":{"background-color":"var(--ast-global-color-5)","background-image":"","background-repeat":"repeat","background-position":"center center","background-size":"auto","background-attachment":"scroll","background-type":"","background-media":"","overlay-type":"","overlay-color":"","overlay-opacity":"","overlay-gradient":""},"tablet":{"background-color":"","background-image":"","background-repeat":"repeat","background-position":"center center","background-size":"auto","background-attachment":"scroll","background-type":"","background-media":"","overlay-type":"","overlay-color":"","overlay-opacity":"","overlay-gradient":""},"mobile":{"background-color":"","background-image":"","background-repeat":"repeat","background-position":"center center","background-size":"auto","background-attachment":"scroll","background-type":"","background-media":"","overlay-type":"","overlay-color":"","overlay-opacity":"","overlay-gradient":""}},"ast-content-background-meta":{"desktop":{"background-color":"var(--ast-global-color-4)","background-image":"","background-repeat":"repeat","background-position":"center center","background-size":"auto","background-attachment":"scroll","background-type":"","background-media":"","overlay-type":"","overlay-color":"","overlay-opacity":"","overlay-gradient":""},"tablet":{"background-color":"var(--ast-global-color-4)","background-image":"","background-repeat":"repeat","background-position":"center center","background-size":"auto","background-attachment":"scroll","background-type":"","background-media":"","overlay-type":"","overlay-color":"","overlay-opacity":"","overlay-gradient":""},"mobile":{"background-color":"var(--ast-global-color-4)","background-image":"","background-repeat":"repeat","background-position":"center center","background-size":"auto","background-attachment":"scroll","background-type":"","background-media":"","overlay-type":"","overlay-color":"","overlay-opacity":"","overlay-gradient":""}},"footnotes":""},"class_list":["post-57","page","type-page","status-publish","hentry"],"_links":{"self":[{"href":"https:\/\/www.hirschimpuls.ch\/index.php?rest_route=\/wp\/v2\/pages\/57","targetHints":{"allow":["GET"]}}],"collection":[{"href":"https:\/\/www.hirschimpuls.ch\/index.php?rest_route=\/wp\/v2\/pages"}],"about":[{"href":"https:\/\/www.hirschimpuls.ch\/index.php?rest_route=\/wp\/v2\/types\/page"}],"author":[{"embeddable":true,"href":"https:\/\/www.hirschimpuls.ch\/index.php?rest_route=\/wp\/v2\/users\/1"}],"replies":[{"embeddable":true,"href":"https:\/\/www.hirschimpuls.ch\/index.php?rest_route=%2Fwp%2Fv2%2Fcomments&post=57"}],"version-history":[{"count":8,"href":"https:\/\/www.hirschimpuls.ch\/index.php?rest_route=\/wp\/v2\/pages\/57\/revisions"}],"predecessor-version":[{"id":102,"href":"https:\/\/www.hirschimpuls.ch\/index.php?rest_route=\/wp\/v2\/pages\/57\/revisions\/102"}],"wp:attachment":[{"href":"https:\/\/www.hirschimpuls.ch\/index.php?rest_route=%2Fwp%2Fv2%2Fmedia&parent=57"}],"curies":[{"name":"wp","href":"https:\/\/api.w.org\/{rel}","templated":true}]}}