{"id":53,"date":"2025-06-28T11:56:59","date_gmt":"2025-06-28T11:56:59","guid":{"rendered":"https:\/\/www.hirschimpuls.ch\/?page_id=53"},"modified":"2025-06-30T17:16:28","modified_gmt":"2025-06-30T17:16:28","slug":"warum-ein-coaching","status":"publish","type":"page","link":"https:\/\/www.hirschimpuls.ch\/?page_id=53","title":{"rendered":"Warum ein Coaching"},"content":{"rendered":"\n<p><\/p>\n\n\n\n<p class=\"has-ast-global-color-3-color has-text-color has-link-color wp-elements-53f407dc8e4f80dd738e724c6d02573b\" style=\"line-height:1.2\"><strong>Warum l\u00f6sungsorientiertes Coaching f\u00fcr jeden Menschen hilfreich sein kann<\/strong><\/p>\n\n\n\n<p class=\"has-ast-global-color-3-color has-text-color has-link-color wp-elements-159582bf939d27660088b1b6ba7784a3\" style=\"line-height:1.2\">In einer Welt voller Anforderungen, Erwartungen und st\u00e4ndiger Ver\u00e4nderungen ist es nicht ungew\u00f6hnlich, dass Menschen sich manchmal festgefahren oder \u00fcberfordert f\u00fchlen. Genau hier setzt <strong>l\u00f6sungsorientiertes Coaching<\/strong> an \u2013 als ein Weg, der nicht problemlastig, sondern zukunftsgerichtet ist. Es bietet einen sicheren Raum, in dem Menschen ihre Ressourcen (wieder)entdecken, neue Perspektiven entwickeln und mutige Schritte gehen k\u00f6nnen.<br>Anders als bei reinen Problemanalysen richtet sich der Blick im l\u00f6sungsorientierten Coaching gezielt auf St\u00e4rken, bereits funktionierende Ans\u00e4tze und erreichbare Ziele.<\/p>\n\n\n\n<p class=\"has-ast-global-color-3-color has-text-color has-link-color wp-elements-3d1a87367e16a90d611c4e0cc3f3c9c8\" style=\"line-height:1.2\"><strong>Wie hilft das konkret?<\/strong><\/p>\n\n\n\n<p class=\"has-ast-global-color-3-color has-text-color has-link-color wp-elements-47ca09b65c39110222dbadf317988e34\" style=\"line-height:1.2\">Diese Gespr\u00e4chsform aktiviert Selbstwirksamkeit, f\u00f6rdert Klarheit und st\u00e4rkt das Vertrauen in die eigenen F\u00e4higkeiten. Sie unterst\u00fctzt Menschen dabei, nicht l\u00e4nger im Kreis zu denken, sondern den ersten Schritt in eine realistisch bessere Zukunft zu gehen \u2013 selbst wenn der Weg noch unscharf ist.<\/p>\n\n\n\n<p class=\"has-ast-global-color-3-color has-text-color has-link-color wp-elements-ae03952582dbdc5665cc54811be54284\" style=\"line-height:1.2\"><strong>Herausforderungen, bei denen l\u00f6sungsorientiertes Coaching besonders hilfreich ist:<\/strong><\/p>\n\n\n\n<p class=\"has-ast-global-color-3-color has-text-color has-link-color wp-elements-0119a6b75b31d13c0c1f4be32adec180\" style=\"line-height:1.2\">Ein l\u00f6sungsorientierter Coach begleitet keine Menschen in ihre Vergangenheit \u2013 sondern gemeinsam mit ihnen in eine handhabbare Zukunft. Dieses Format ist keine Therapie, ersetzt auch keine medizinische Behandlung, aber es kann T\u00fcren \u00f6ffnen, wo vorher nur W\u00e4nde schienen.<\/p>\n\n\n\n<figure class=\"wp-block-image aligncenter size-large is-resized\"><img loading=\"lazy\" decoding=\"async\" width=\"1024\" height=\"549\" src=\"https:\/\/www.hirschimpuls.ch\/wp-content\/uploads\/2025\/06\/CoacheeChallenges-1-1024x549.png\" alt=\"\" class=\"wp-image-100\" style=\"width:978px;height:auto\" srcset=\"https:\/\/www.hirschimpuls.ch\/wp-content\/uploads\/2025\/06\/CoacheeChallenges-1-1024x549.png 1024w, https:\/\/www.hirschimpuls.ch\/wp-content\/uploads\/2025\/06\/CoacheeChallenges-1-300x161.png 300w, https:\/\/www.hirschimpuls.ch\/wp-content\/uploads\/2025\/06\/CoacheeChallenges-1-768x412.png 768w, https:\/\/www.hirschimpuls.ch\/wp-content\/uploads\/2025\/06\/CoacheeChallenges-1.png 1276w\" sizes=\"auto, (max-width: 1024px) 100vw, 1024px\" \/><\/figure>\n\n\n\n<p><\/p>\n","protected":false},"excerpt":{"rendered":"<p>Warum l\u00f6sungsorientiertes Coaching f\u00fcr jeden Menschen hilfreich sein kann In einer Welt voller Anforderungen, Erwartungen und st\u00e4ndiger Ver\u00e4nderungen ist es [&hellip;]<\/p>\n","protected":false},"author":1,"featured_media":0,"parent":0,"menu_order":0,"comment_status":"closed","ping_status":"closed","template":"","meta":{"site-sidebar-layout":"default","site-content-layout":"","ast-site-content-layout":"default","site-content-style":"default","site-sidebar-style":"default","ast-global-header-display":"","ast-banner-title-visibility":"","ast-main-header-display":"","ast-hfb-above-header-display":"","ast-hfb-below-header-display":"","ast-hfb-mobile-header-display":"","site-post-title":"disabled","ast-breadcrumbs-content":"","ast-featured-img":"","footer-sml-layout":"","theme-transparent-header-meta":"","adv-header-id-meta":"","stick-header-meta":"","header-above-stick-meta":"","header-main-stick-meta":"","header-below-stick-meta":"","astra-migrate-meta-layouts":"default","ast-page-background-enabled":"default","ast-page-background-meta":{"desktop":{"background-color":"var(--ast-global-color-5)","background-image":"","background-repeat":"repeat","background-position":"center center","background-size":"auto","background-attachment":"scroll","background-type":"","background-media":"","overlay-type":"","overlay-color":"","overlay-opacity":"","overlay-gradient":""},"tablet":{"background-color":"","background-image":"","background-repeat":"repeat","background-position":"center center","background-size":"auto","background-attachment":"scroll","background-type":"","background-media":"","overlay-type":"","overlay-color":"","overlay-opacity":"","overlay-gradient":""},"mobile":{"background-color":"","background-image":"","background-repeat":"repeat","background-position":"center center","background-size":"auto","background-attachment":"scroll","background-type":"","background-media":"","overlay-type":"","overlay-color":"","overlay-opacity":"","overlay-gradient":""}},"ast-content-background-meta":{"desktop":{"background-color":"var(--ast-global-color-4)","background-image":"","background-repeat":"repeat","background-position":"center center","background-size":"auto","background-attachment":"scroll","background-type":"","background-media":"","overlay-type":"","overlay-color":"","overlay-opacity":"","overlay-gradient":""},"tablet":{"background-color":"var(--ast-global-color-4)","background-image":"","background-repeat":"repeat","background-position":"center center","background-size":"auto","background-attachment":"scroll","background-type":"","background-media":"","overlay-type":"","overlay-color":"","overlay-opacity":"","overlay-gradient":""},"mobile":{"background-color":"var(--ast-global-color-4)","background-image":"","background-repeat":"repeat","background-position":"center center","background-size":"auto","background-attachment":"scroll","background-type":"","background-media":"","overlay-type":"","overlay-color":"","overlay-opacity":"","overlay-gradient":""}},"footnotes":""},"class_list":["post-53","page","type-page","status-publish","hentry"],"_links":{"self":[{"href":"https:\/\/www.hirschimpuls.ch\/index.php?rest_route=\/wp\/v2\/pages\/53","targetHints":{"allow":["GET"]}}],"collection":[{"href":"https:\/\/www.hirschimpuls.ch\/index.php?rest_route=\/wp\/v2\/pages"}],"about":[{"href":"https:\/\/www.hirschimpuls.ch\/index.php?rest_route=\/wp\/v2\/types\/page"}],"author":[{"embeddable":true,"href":"https:\/\/www.hirschimpuls.ch\/index.php?rest_route=\/wp\/v2\/users\/1"}],"replies":[{"embeddable":true,"href":"https:\/\/www.hirschimpuls.ch\/index.php?rest_route=%2Fwp%2Fv2%2Fcomments&post=53"}],"version-history":[{"count":3,"href":"https:\/\/www.hirschimpuls.ch\/index.php?rest_route=\/wp\/v2\/pages\/53\/revisions"}],"predecessor-version":[{"id":101,"href":"https:\/\/www.hirschimpuls.ch\/index.php?rest_route=\/wp\/v2\/pages\/53\/revisions\/101"}],"wp:attachment":[{"href":"https:\/\/www.hirschimpuls.ch\/index.php?rest_route=%2Fwp%2Fv2%2Fmedia&parent=53"}],"curies":[{"name":"wp","href":"https:\/\/api.w.org\/{rel}","templated":true}]}}